{"id":6188,"date":"2025-11-06T16:07:45","date_gmt":"2025-11-06T15:07:45","guid":{"rendered":"https:\/\/www.goldforevents.com\/gatsby-themed-corporate-party\/"},"modified":"2025-11-10T09:47:48","modified_gmt":"2025-11-10T08:47:48","slug":"gatsby-themed-corporate-party","status":"publish","type":"page","link":"https:\/\/www.goldforevents.com\/en\/gatsby-themed-corporate-party\/","title":{"rendered":"Gatsby-Themed Corporate Party"},"content":{"rendered":"","protected":false},"excerpt":{"rendered":"","protected":false},"author":2,"featured_media":5929,"parent":0,"menu_order":0,"comment_status":"closed","ping_status":"closed","template":"","meta":{"_et_pb_use_builder":"","_et_pb_old_content":"","_et_gb_content_width":""},"categories":[],"tags":[43,52],"dipi_cpt_category":[],"gabarit":[],"localisation":[],"acf":[],"yoast_head":"<!-- This site is optimized with the Yoast SEO plugin v20.10 - https:\/\/yoast.com\/wordpress\/plugins\/seo\/ -->\n<title>Gatsby-Themed Corporate Party - Unusual events<\/title>\n<meta name=\"description\" content=\"Immerse yourself in the world of Gatsby with a breathtaking corporate event. Trust Gold for events! Customized quotes available.\" \/>\n<meta name=\"robots\" content=\"index, follow, max-snippet:-1, max-image-preview:large, max-video-preview:-1\" \/>\n<link rel=\"canonical\" href=\"https:\/\/www.goldforevents.com\/en\/gatsby-themed-corporate-party\/\" \/>\n<meta property=\"og:locale\" content=\"en_US\" \/>\n<meta property=\"og:type\" content=\"article\" \/>\n<meta property=\"og:title\" content=\"Gatsby-Themed Corporate Party - Unusual events\" \/>\n<meta property=\"og:description\" content=\"Immerse yourself in the world of Gatsby with a breathtaking corporate event. Trust Gold for events! Customized quotes available.\" \/>\n<meta property=\"og:url\" content=\"https:\/\/www.goldforevents.com\/en\/gatsby-themed-corporate-party\/\" \/>\n<meta property=\"og:site_name\" content=\"Gold for events\" \/>\n<meta property=\"article:publisher\" content=\"https:\/\/www.facebook.com\/goldforevents\/\" \/>\n<meta property=\"article:modified_time\" content=\"2025-11-10T08:47:48+00:00\" \/>\n<meta property=\"og:image\" content=\"https:\/\/www.goldforevents.com\/wp-content\/uploads\/2023\/08\/soiree-theme-gatsby-entreprise-1650.png\" \/>\n\t<meta property=\"og:image:width\" content=\"1650\" \/>\n\t<meta property=\"og:image:height\" content=\"1100\" \/>\n\t<meta property=\"og:image:type\" content=\"image\/png\" \/>\n<meta name=\"twitter:card\" content=\"summary_large_image\" \/>\n<meta name=\"twitter:site\" content=\"@GoldforEvents\" \/>\n<script type=\"application\/ld+json\" class=\"yoast-schema-graph\">{\"@context\":\"https:\/\/schema.org\",\"@graph\":[{\"@type\":\"WebPage\",\"@id\":\"https:\/\/www.goldforevents.com\/en\/gatsby-themed-corporate-party\/\",\"url\":\"https:\/\/www.goldforevents.com\/en\/gatsby-themed-corporate-party\/\",\"name\":\"Gatsby-Themed Corporate Party - Unusual events\",\"isPartOf\":{\"@id\":\"https:\/\/www.goldforevents.com\/en\/#website\"},\"datePublished\":\"2025-11-06T15:07:45+00:00\",\"dateModified\":\"2025-11-10T08:47:48+00:00\",\"description\":\"Immerse yourself in the world of Gatsby with a breathtaking corporate event. Trust Gold for events! Customized quotes available.\",\"breadcrumb\":{\"@id\":\"https:\/\/www.goldforevents.com\/en\/gatsby-themed-corporate-party\/#breadcrumb\"},\"inLanguage\":\"en-US\",\"potentialAction\":[{\"@type\":\"ReadAction\",\"target\":[\"https:\/\/www.goldforevents.com\/en\/gatsby-themed-corporate-party\/\"]}]},{\"@type\":\"BreadcrumbList\",\"@id\":\"https:\/\/www.goldforevents.com\/en\/gatsby-themed-corporate-party\/#breadcrumb\",\"itemListElement\":[{\"@type\":\"ListItem\",\"position\":1,\"name\":\"Accueil\",\"item\":\"https:\/\/www.goldforevents.com\/en\/\"},{\"@type\":\"ListItem\",\"position\":2,\"name\":\"Gatsby-Themed Corporate Party\"}]},{\"@type\":\"WebSite\",\"@id\":\"https:\/\/www.goldforevents.com\/en\/#website\",\"url\":\"https:\/\/www.goldforevents.com\/en\/\",\"name\":\"Gold for events\",\"description\":\"Agence \u00e9v\u00e9nementielle insolite \u00e0 Paris\",\"publisher\":{\"@id\":\"https:\/\/www.goldforevents.com\/en\/#organization\"},\"potentialAction\":[{\"@type\":\"SearchAction\",\"target\":{\"@type\":\"EntryPoint\",\"urlTemplate\":\"https:\/\/www.goldforevents.com\/en\/?s={search_term_string}\"},\"query-input\":\"required name=search_term_string\"}],\"inLanguage\":\"en-US\"},{\"@type\":\"Organization\",\"@id\":\"https:\/\/www.goldforevents.com\/en\/#organization\",\"name\":\"Gold for events\",\"url\":\"https:\/\/www.goldforevents.com\/en\/\",\"logo\":{\"@type\":\"ImageObject\",\"inLanguage\":\"en-US\",\"@id\":\"https:\/\/www.goldforevents.com\/en\/#\/schema\/logo\/image\/\",\"url\":\"https:\/\/www.goldforevents.com\/wp-content\/uploads\/2020\/05\/gold-for-events-logo-dore-menu1.png\",\"contentUrl\":\"https:\/\/www.goldforevents.com\/wp-content\/uploads\/2020\/05\/gold-for-events-logo-dore-menu1.png\",\"width\":210,\"height\":93,\"caption\":\"Gold for events\"},\"image\":{\"@id\":\"https:\/\/www.goldforevents.com\/en\/#\/schema\/logo\/image\/\"},\"sameAs\":[\"https:\/\/www.facebook.com\/goldforevents\/\",\"https:\/\/twitter.com\/GoldforEvents\",\"https:\/\/www.linkedin.com\/company\/gold-for-events\/\"]}]}<\/script>\n<!-- \/ Yoast SEO plugin. -->","yoast_head_json":{"title":"Gatsby-Themed Corporate Party - Unusual events","description":"Immerse yourself in the world of Gatsby with a breathtaking corporate event. Trust Gold for events! Customized quotes available.","robots":{"index":"index","follow":"follow","max-snippet":"max-snippet:-1","max-image-preview":"max-image-preview:large","max-video-preview":"max-video-preview:-1"},"canonical":"https:\/\/www.goldforevents.com\/en\/gatsby-themed-corporate-party\/","og_locale":"en_US","og_type":"article","og_title":"Gatsby-Themed Corporate Party - Unusual events","og_description":"Immerse yourself in the world of Gatsby with a breathtaking corporate event. Trust Gold for events! Customized quotes available.","og_url":"https:\/\/www.goldforevents.com\/en\/gatsby-themed-corporate-party\/","og_site_name":"Gold for events","article_publisher":"https:\/\/www.facebook.com\/goldforevents\/","article_modified_time":"2025-11-10T08:47:48+00:00","og_image":[{"width":1650,"height":1100,"url":"https:\/\/www.goldforevents.com\/wp-content\/uploads\/2023\/08\/soiree-theme-gatsby-entreprise-1650.png","type":"image\/png"}],"twitter_card":"summary_large_image","twitter_site":"@GoldforEvents","schema":{"@context":"https:\/\/schema.org","@graph":[{"@type":"WebPage","@id":"https:\/\/www.goldforevents.com\/en\/gatsby-themed-corporate-party\/","url":"https:\/\/www.goldforevents.com\/en\/gatsby-themed-corporate-party\/","name":"Gatsby-Themed Corporate Party - Unusual events","isPartOf":{"@id":"https:\/\/www.goldforevents.com\/en\/#website"},"datePublished":"2025-11-06T15:07:45+00:00","dateModified":"2025-11-10T08:47:48+00:00","description":"Immerse yourself in the world of Gatsby with a breathtaking corporate event. Trust Gold for events! Customized quotes available.","breadcrumb":{"@id":"https:\/\/www.goldforevents.com\/en\/gatsby-themed-corporate-party\/#breadcrumb"},"inLanguage":"en-US","potentialAction":[{"@type":"ReadAction","target":["https:\/\/www.goldforevents.com\/en\/gatsby-themed-corporate-party\/"]}]},{"@type":"BreadcrumbList","@id":"https:\/\/www.goldforevents.com\/en\/gatsby-themed-corporate-party\/#breadcrumb","itemListElement":[{"@type":"ListItem","position":1,"name":"Accueil","item":"https:\/\/www.goldforevents.com\/en\/"},{"@type":"ListItem","position":2,"name":"Gatsby-Themed Corporate Party"}]},{"@type":"WebSite","@id":"https:\/\/www.goldforevents.com\/en\/#website","url":"https:\/\/www.goldforevents.com\/en\/","name":"Gold for events","description":"Agence \u00e9v\u00e9nementielle insolite \u00e0 Paris","publisher":{"@id":"https:\/\/www.goldforevents.com\/en\/#organization"},"potentialAction":[{"@type":"SearchAction","target":{"@type":"EntryPoint","urlTemplate":"https:\/\/www.goldforevents.com\/en\/?s={search_term_string}"},"query-input":"required name=search_term_string"}],"inLanguage":"en-US"},{"@type":"Organization","@id":"https:\/\/www.goldforevents.com\/en\/#organization","name":"Gold for events","url":"https:\/\/www.goldforevents.com\/en\/","logo":{"@type":"ImageObject","inLanguage":"en-US","@id":"https:\/\/www.goldforevents.com\/en\/#\/schema\/logo\/image\/","url":"https:\/\/www.goldforevents.com\/wp-content\/uploads\/2020\/05\/gold-for-events-logo-dore-menu1.png","contentUrl":"https:\/\/www.goldforevents.com\/wp-content\/uploads\/2020\/05\/gold-for-events-logo-dore-menu1.png","width":210,"height":93,"caption":"Gold for events"},"image":{"@id":"https:\/\/www.goldforevents.com\/en\/#\/schema\/logo\/image\/"},"sameAs":["https:\/\/www.facebook.com\/goldforevents\/","https:\/\/twitter.com\/GoldforEvents","https:\/\/www.linkedin.com\/company\/gold-for-events\/"]}]}},"_links":{"self":[{"href":"https:\/\/www.goldforevents.com\/en\/wp-json\/wp\/v2\/pages\/6188"}],"collection":[{"href":"https:\/\/www.goldforevents.com\/en\/wp-json\/wp\/v2\/pages"}],"about":[{"href":"https:\/\/www.goldforevents.com\/en\/wp-json\/wp\/v2\/types\/page"}],"author":[{"embeddable":true,"href":"https:\/\/www.goldforevents.com\/en\/wp-json\/wp\/v2\/users\/2"}],"replies":[{"embeddable":true,"href":"https:\/\/www.goldforevents.com\/en\/wp-json\/wp\/v2\/comments?post=6188"}],"version-history":[{"count":3,"href":"https:\/\/www.goldforevents.com\/en\/wp-json\/wp\/v2\/pages\/6188\/revisions"}],"predecessor-version":[{"id":6213,"href":"https:\/\/www.goldforevents.com\/en\/wp-json\/wp\/v2\/pages\/6188\/revisions\/6213"}],"wp:featuredmedia":[{"embeddable":true,"href":"https:\/\/www.goldforevents.com\/en\/wp-json\/wp\/v2\/media\/5929"}],"wp:attachment":[{"href":"https:\/\/www.goldforevents.com\/en\/wp-json\/wp\/v2\/media?parent=6188"}],"wp:term":[{"taxonomy":"category","embeddable":true,"href":"https:\/\/www.goldforevents.com\/en\/wp-json\/wp\/v2\/categories?post=6188"},{"taxonomy":"post_tag","embeddable":true,"href":"https:\/\/www.goldforevents.com\/en\/wp-json\/wp\/v2\/tags?post=6188"},{"taxonomy":"dipi_cpt_category","embeddable":true,"href":"https:\/\/www.goldforevents.com\/en\/wp-json\/wp\/v2\/dipi_cpt_category?post=6188"},{"taxonomy":"gabarit","embeddable":true,"href":"https:\/\/www.goldforevents.com\/en\/wp-json\/wp\/v2\/gabarit?post=6188"},{"taxonomy":"localisation","embeddable":true,"href":"https:\/\/www.goldforevents.com\/en\/wp-json\/wp\/v2\/localisation?post=6188"}],"curies":[{"name":"wp","href":"https:\/\/api.w.org\/{rel}","templated":true}]}}