{"id":5896,"date":"2022-11-21T10:52:44","date_gmt":"2022-11-21T09:52:44","guid":{"rendered":"https:\/\/www.goldforevents.com\/?page_id=5896"},"modified":"2025-11-10T10:41:45","modified_gmt":"2025-11-10T09:41:45","slug":"paris-conference-venues","status":"publish","type":"page","link":"https:\/\/www.goldforevents.com\/en\/paris-conference-venues\/","title":{"rendered":"Paris Conference Venues"},"content":{"rendered":"","protected":false},"excerpt":{"rendered":"","protected":false},"author":1,"featured_media":2702,"parent":0,"menu_order":0,"comment_status":"closed","ping_status":"closed","template":"","meta":{"_et_pb_use_builder":"","_et_pb_old_content":"","_et_gb_content_width":""},"categories":[],"tags":[43,52],"dipi_cpt_category":[],"gabarit":[],"localisation":[],"acf":[],"yoast_head":"<!-- This site is optimized with the Yoast SEO plugin v20.10 - https:\/\/yoast.com\/wordpress\/plugins\/seo\/ -->\n<title>Paris Conference Venues - Opt for unusual places in Paris<\/title>\n<meta name=\"description\" content=\"The French capital is a popular choice for conferences and business events. Contact our team for any information or request.\" \/>\n<meta name=\"robots\" content=\"index, follow, max-snippet:-1, max-image-preview:large, max-video-preview:-1\" \/>\n<link rel=\"canonical\" href=\"https:\/\/www.goldforevents.com\/en\/paris-conference-venues\/\" \/>\n<meta property=\"og:locale\" content=\"en_US\" \/>\n<meta property=\"og:type\" content=\"article\" \/>\n<meta property=\"og:title\" content=\"Paris Conference Venues - Opt for unusual places in Paris\" \/>\n<meta property=\"og:description\" content=\"The French capital is a popular choice for conferences and business events. Contact our team for any information or request.\" \/>\n<meta property=\"og:url\" content=\"https:\/\/www.goldforevents.com\/en\/paris-conference-venues\/\" \/>\n<meta property=\"og:site_name\" content=\"Gold for events\" \/>\n<meta property=\"article:publisher\" content=\"https:\/\/www.facebook.com\/goldforevents\/\" \/>\n<meta property=\"article:modified_time\" content=\"2025-11-10T09:41:45+00:00\" \/>\n<meta property=\"og:image\" content=\"https:\/\/www.goldforevents.com\/wp-content\/uploads\/2020\/05\/agence-evenementielle-paris-contact.jpg\" \/>\n\t<meta property=\"og:image:width\" content=\"1620\" \/>\n\t<meta property=\"og:image:height\" content=\"1080\" \/>\n\t<meta property=\"og:image:type\" content=\"image\/jpeg\" \/>\n<meta name=\"twitter:card\" content=\"summary_large_image\" \/>\n<meta name=\"twitter:site\" content=\"@GoldforEvents\" \/>\n<script type=\"application\/ld+json\" class=\"yoast-schema-graph\">{\"@context\":\"https:\/\/schema.org\",\"@graph\":[{\"@type\":\"WebPage\",\"@id\":\"https:\/\/www.goldforevents.com\/en\/paris-conference-venues\/\",\"url\":\"https:\/\/www.goldforevents.com\/en\/paris-conference-venues\/\",\"name\":\"Paris Conference Venues - Opt for unusual places in Paris\",\"isPartOf\":{\"@id\":\"https:\/\/www.goldforevents.com\/en\/#website\"},\"datePublished\":\"2022-11-21T09:52:44+00:00\",\"dateModified\":\"2025-11-10T09:41:45+00:00\",\"description\":\"The French capital is a popular choice for conferences and business events. Contact our team for any information or request.\",\"breadcrumb\":{\"@id\":\"https:\/\/www.goldforevents.com\/en\/paris-conference-venues\/#breadcrumb\"},\"inLanguage\":\"en-US\",\"potentialAction\":[{\"@type\":\"ReadAction\",\"target\":[\"https:\/\/www.goldforevents.com\/en\/paris-conference-venues\/\"]}]},{\"@type\":\"BreadcrumbList\",\"@id\":\"https:\/\/www.goldforevents.com\/en\/paris-conference-venues\/#breadcrumb\",\"itemListElement\":[{\"@type\":\"ListItem\",\"position\":1,\"name\":\"Accueil\",\"item\":\"https:\/\/www.goldforevents.com\/en\/\"},{\"@type\":\"ListItem\",\"position\":2,\"name\":\"Paris Conference Venues\"}]},{\"@type\":\"WebSite\",\"@id\":\"https:\/\/www.goldforevents.com\/en\/#website\",\"url\":\"https:\/\/www.goldforevents.com\/en\/\",\"name\":\"Gold for events\",\"description\":\"Agence \u00e9v\u00e9nementielle insolite \u00e0 Paris\",\"publisher\":{\"@id\":\"https:\/\/www.goldforevents.com\/en\/#organization\"},\"potentialAction\":[{\"@type\":\"SearchAction\",\"target\":{\"@type\":\"EntryPoint\",\"urlTemplate\":\"https:\/\/www.goldforevents.com\/en\/?s={search_term_string}\"},\"query-input\":\"required name=search_term_string\"}],\"inLanguage\":\"en-US\"},{\"@type\":\"Organization\",\"@id\":\"https:\/\/www.goldforevents.com\/en\/#organization\",\"name\":\"Gold for events\",\"url\":\"https:\/\/www.goldforevents.com\/en\/\",\"logo\":{\"@type\":\"ImageObject\",\"inLanguage\":\"en-US\",\"@id\":\"https:\/\/www.goldforevents.com\/en\/#\/schema\/logo\/image\/\",\"url\":\"https:\/\/www.goldforevents.com\/wp-content\/uploads\/2020\/05\/gold-for-events-logo-dore-menu1.png\",\"contentUrl\":\"https:\/\/www.goldforevents.com\/wp-content\/uploads\/2020\/05\/gold-for-events-logo-dore-menu1.png\",\"width\":210,\"height\":93,\"caption\":\"Gold for events\"},\"image\":{\"@id\":\"https:\/\/www.goldforevents.com\/en\/#\/schema\/logo\/image\/\"},\"sameAs\":[\"https:\/\/www.facebook.com\/goldforevents\/\",\"https:\/\/twitter.com\/GoldforEvents\",\"https:\/\/www.linkedin.com\/company\/gold-for-events\/\"]}]}<\/script>\n<!-- \/ Yoast SEO plugin. -->","yoast_head_json":{"title":"Paris Conference Venues - Opt for unusual places in Paris","description":"The French capital is a popular choice for conferences and business events. Contact our team for any information or request.","robots":{"index":"index","follow":"follow","max-snippet":"max-snippet:-1","max-image-preview":"max-image-preview:large","max-video-preview":"max-video-preview:-1"},"canonical":"https:\/\/www.goldforevents.com\/en\/paris-conference-venues\/","og_locale":"en_US","og_type":"article","og_title":"Paris Conference Venues - Opt for unusual places in Paris","og_description":"The French capital is a popular choice for conferences and business events. Contact our team for any information or request.","og_url":"https:\/\/www.goldforevents.com\/en\/paris-conference-venues\/","og_site_name":"Gold for events","article_publisher":"https:\/\/www.facebook.com\/goldforevents\/","article_modified_time":"2025-11-10T09:41:45+00:00","og_image":[{"width":1620,"height":1080,"url":"https:\/\/www.goldforevents.com\/wp-content\/uploads\/2020\/05\/agence-evenementielle-paris-contact.jpg","type":"image\/jpeg"}],"twitter_card":"summary_large_image","twitter_site":"@GoldforEvents","schema":{"@context":"https:\/\/schema.org","@graph":[{"@type":"WebPage","@id":"https:\/\/www.goldforevents.com\/en\/paris-conference-venues\/","url":"https:\/\/www.goldforevents.com\/en\/paris-conference-venues\/","name":"Paris Conference Venues - Opt for unusual places in Paris","isPartOf":{"@id":"https:\/\/www.goldforevents.com\/en\/#website"},"datePublished":"2022-11-21T09:52:44+00:00","dateModified":"2025-11-10T09:41:45+00:00","description":"The French capital is a popular choice for conferences and business events. Contact our team for any information or request.","breadcrumb":{"@id":"https:\/\/www.goldforevents.com\/en\/paris-conference-venues\/#breadcrumb"},"inLanguage":"en-US","potentialAction":[{"@type":"ReadAction","target":["https:\/\/www.goldforevents.com\/en\/paris-conference-venues\/"]}]},{"@type":"BreadcrumbList","@id":"https:\/\/www.goldforevents.com\/en\/paris-conference-venues\/#breadcrumb","itemListElement":[{"@type":"ListItem","position":1,"name":"Accueil","item":"https:\/\/www.goldforevents.com\/en\/"},{"@type":"ListItem","position":2,"name":"Paris Conference Venues"}]},{"@type":"WebSite","@id":"https:\/\/www.goldforevents.com\/en\/#website","url":"https:\/\/www.goldforevents.com\/en\/","name":"Gold for events","description":"Agence \u00e9v\u00e9nementielle insolite \u00e0 Paris","publisher":{"@id":"https:\/\/www.goldforevents.com\/en\/#organization"},"potentialAction":[{"@type":"SearchAction","target":{"@type":"EntryPoint","urlTemplate":"https:\/\/www.goldforevents.com\/en\/?s={search_term_string}"},"query-input":"required name=search_term_string"}],"inLanguage":"en-US"},{"@type":"Organization","@id":"https:\/\/www.goldforevents.com\/en\/#organization","name":"Gold for events","url":"https:\/\/www.goldforevents.com\/en\/","logo":{"@type":"ImageObject","inLanguage":"en-US","@id":"https:\/\/www.goldforevents.com\/en\/#\/schema\/logo\/image\/","url":"https:\/\/www.goldforevents.com\/wp-content\/uploads\/2020\/05\/gold-for-events-logo-dore-menu1.png","contentUrl":"https:\/\/www.goldforevents.com\/wp-content\/uploads\/2020\/05\/gold-for-events-logo-dore-menu1.png","width":210,"height":93,"caption":"Gold for events"},"image":{"@id":"https:\/\/www.goldforevents.com\/en\/#\/schema\/logo\/image\/"},"sameAs":["https:\/\/www.facebook.com\/goldforevents\/","https:\/\/twitter.com\/GoldforEvents","https:\/\/www.linkedin.com\/company\/gold-for-events\/"]}]}},"_links":{"self":[{"href":"https:\/\/www.goldforevents.com\/en\/wp-json\/wp\/v2\/pages\/5896"}],"collection":[{"href":"https:\/\/www.goldforevents.com\/en\/wp-json\/wp\/v2\/pages"}],"about":[{"href":"https:\/\/www.goldforevents.com\/en\/wp-json\/wp\/v2\/types\/page"}],"author":[{"embeddable":true,"href":"https:\/\/www.goldforevents.com\/en\/wp-json\/wp\/v2\/users\/1"}],"replies":[{"embeddable":true,"href":"https:\/\/www.goldforevents.com\/en\/wp-json\/wp\/v2\/comments?post=5896"}],"version-history":[{"count":3,"href":"https:\/\/www.goldforevents.com\/en\/wp-json\/wp\/v2\/pages\/5896\/revisions"}],"predecessor-version":[{"id":6154,"href":"https:\/\/www.goldforevents.com\/en\/wp-json\/wp\/v2\/pages\/5896\/revisions\/6154"}],"wp:featuredmedia":[{"embeddable":true,"href":"https:\/\/www.goldforevents.com\/en\/wp-json\/wp\/v2\/media\/2702"}],"wp:attachment":[{"href":"https:\/\/www.goldforevents.com\/en\/wp-json\/wp\/v2\/media?parent=5896"}],"wp:term":[{"taxonomy":"category","embeddable":true,"href":"https:\/\/www.goldforevents.com\/en\/wp-json\/wp\/v2\/categories?post=5896"},{"taxonomy":"post_tag","embeddable":true,"href":"https:\/\/www.goldforevents.com\/en\/wp-json\/wp\/v2\/tags?post=5896"},{"taxonomy":"dipi_cpt_category","embeddable":true,"href":"https:\/\/www.goldforevents.com\/en\/wp-json\/wp\/v2\/dipi_cpt_category?post=5896"},{"taxonomy":"gabarit","embeddable":true,"href":"https:\/\/www.goldforevents.com\/en\/wp-json\/wp\/v2\/gabarit?post=5896"},{"taxonomy":"localisation","embeddable":true,"href":"https:\/\/www.goldforevents.com\/en\/wp-json\/wp\/v2\/localisation?post=5896"}],"curies":[{"name":"wp","href":"https:\/\/api.w.org\/{rel}","templated":true}]}}