{"id":5647,"date":"2021-08-29T14:23:24","date_gmt":"2021-08-29T12:23:24","guid":{"rendered":"https:\/\/www.goldforevents.com\/site-map\/"},"modified":"2021-08-29T18:43:32","modified_gmt":"2021-08-29T16:43:32","slug":"sitemap","status":"publish","type":"page","link":"https:\/\/www.goldforevents.com\/en\/sitemap\/","title":{"rendered":"Sitemap"},"content":{"rendered":"<p>[et_pb_section fb_built=&#8221;1&#8243; next_background_color=&#8221;#ffffff&#8221; _builder_version=&#8221;4.4.4&#8243; background_color=&#8221;rgba(0,0,0,0.6)&#8221; background_image=&#8221;https:\/\/www.goldforevents.com\/wp-content\/uploads\/2020\/05\/agence-evenementielle-paris-contact.jpg&#8221; background_blend=&#8221;color-dodge&#8221; module_alignment=&#8221;center&#8221; min_height=&#8221;100vh&#8221; custom_margin=&#8221;||||false|false&#8221; custom_padding=&#8221;||||false|false&#8221; bottom_divider_style=&#8221;wave2&#8243; animation_style=&#8221;slide&#8221; animation_direction=&#8221;top&#8221; animation_intensity_slide=&#8221;2%&#8221; custom_css_main_element=&#8221;display:flex;&#8221;][et_pb_row custom_padding_last_edited=&#8221;off|desktop&#8221; _builder_version=&#8221;4.4.4&#8243; module_alignment=&#8221;center&#8221; custom_margin=&#8221;||||false|false&#8221; custom_padding=&#8221;||||false|false&#8221; custom_padding_tablet=&#8221;30%||||false|false&#8221; custom_padding_phone=&#8221;50%||||false|false&#8221; locked=&#8221;off&#8221;][et_pb_column type=&#8221;4_4&#8243; _builder_version=&#8221;4.4.4&#8243;][et_pb_text admin_label=&#8221;Texte titre&#8221; _builder_version=&#8221;4.5.2&#8243; _dynamic_attributes=&#8221;content&#8221; text_font=&#8221;Roboto|300|||||||&#8221; text_font_size=&#8221;20px&#8221; text_line_height=&#8221;1.5em&#8221; header_font=&#8221;|600|||||||&#8221; header_text_align=&#8221;center&#8221; header_text_color=&#8221;#ffffff&#8221; header_font_size=&#8221;50px&#8221; text_orientation=&#8221;center&#8221; background_layout=&#8221;dark&#8221; width=&#8221;75%&#8221; width_tablet=&#8221;&#8221; width_phone=&#8221;&#8221; width_last_edited=&#8221;on|phone&#8221; max_width=&#8221;90%&#8221; module_alignment=&#8221;center&#8221; custom_margin=&#8221;||||false|false&#8221; custom_padding=&#8221;||||false|false&#8221; text_font_size_tablet=&#8221;18px&#8221; text_font_size_phone=&#8221;17px&#8221; text_font_size_last_edited=&#8221;on|desktop&#8221; header_font_size_tablet=&#8221;40px&#8221; header_font_size_phone=&#8221;35px&#8221; header_font_size_last_edited=&#8221;on|phone&#8221;]@ET-DC@eyJkeW5hbWljIjp0cnVlLCJjb250ZW50IjoicG9zdF90aXRsZSIsInNldHRpbmdzIjp7ImJlZm9yZSI6IjxoMT4iLCJhZnRlciI6IjwvaDE+In19@[\/et_pb_text][et_pb_divider color=&#8221;#d6ae7e&#8221; divider_weight=&#8221;4px&#8221; _builder_version=&#8221;4.4.4&#8243; width=&#8221;15%&#8221; module_alignment=&#8221;center&#8221; animation_style=&#8221;fade&#8221; locked=&#8221;off&#8221;][\/et_pb_divider][et_pb_button button_url=&#8221;#mentions&#8221; button_text=&#8221;See our activities&#8221; button_alignment=&#8221;center&#8221; button_alignment_tablet=&#8221;center&#8221; button_alignment_phone=&#8221;&#8221; button_alignment_last_edited=&#8221;on|phone&#8221; _builder_version=&#8221;4.5.2&#8243; custom_button=&#8221;on&#8221; button_text_color=&#8221;rgba(214,174,126,0.85)&#8221; button_border_color=&#8221;rgba(214,174,126,0.85)&#8221; button_border_radius=&#8221;100px&#8221; button_icon=&#8221;%%18%%&#8221; custom_margin=&#8221;||||false|false&#8221; custom_padding=&#8221;|33px||33px|false|true&#8221; animation_style=&#8221;fade&#8221; button_text_color__hover=&#8221;#ffffff&#8221; button_text_color__hover_enabled=&#8221;on|hover&#8221; button_border_color__hover=&#8221;rgba(0,0,0,0)&#8221; button_border_color__hover_enabled=&#8221;on|hover&#8221; button_bg_color__hover=&#8221;rgba(214,174,126,0.85)&#8221; button_bg_color__hover_enabled=&#8221;on|hover&#8221;][\/et_pb_button][\/et_pb_column][\/et_pb_row][\/et_pb_section][et_pb_section fb_built=&#8221;1&#8243; admin_label=&#8221;Contact Info&#8221; module_id=&#8221;Mentions&#8221; _builder_version=&#8221;4.4.4&#8243; custom_padding=&#8221;40px||||false|false&#8221;][et_pb_row use_custom_gutter=&#8221;on&#8221; gutter_width=&#8221;1&#8243; _builder_version=&#8221;4.4.4&#8243; width=&#8221;100%&#8221; custom_padding=&#8221;0px|||||&#8221; animation_style=&#8221;fade&#8221; locked=&#8221;off&#8221;][et_pb_column type=&#8221;4_4&#8243; _builder_version=&#8221;4.4.4&#8243;][et_pb_text module_id=&#8221;lieux-insolites&#8221; _builder_version=&#8221;4.5.2&#8243; text_text_color=&#8221;#000000&#8243; text_font_size=&#8221;18px&#8221; header_text_color=&#8221;#000000&#8243; header_2_font=&#8221;Roboto|700||on|||||&#8221; header_2_text_color=&#8221;#383838&#8243; header_2_font_size=&#8221;50px&#8221; text_orientation=&#8221;center&#8221; custom_margin=&#8221;50px||10px||false|false&#8221; custom_padding=&#8221;||||false|false&#8221;]<\/p>\n<h2>Our unusual events<\/h2>\n<p>[\/et_pb_text][et_pb_divider color=&#8221;#d6ae7e&#8221; divider_weight=&#8221;4px&#8221; _builder_version=&#8221;4.4.4&#8243; width=&#8221;15%&#8221; module_alignment=&#8221;center&#8221; custom_margin=&#8221;10px||10px||true|false&#8221; saved_tabs=&#8221;all&#8221;][\/et_pb_divider][et_pb_text admin_label=&#8221;activities&#8221; _builder_version=&#8221;4.5.2&#8243; text_font=&#8221;Roboto|300|||||||&#8221; text_font_size=&#8221;20px&#8221; text_line_height=&#8221;1.5em&#8221; header_3_font=&#8221;|600||on|||||&#8221; header_3_font_size=&#8221;30px&#8221; header_4_font=&#8221;|||on|||||&#8221; header_4_font_size=&#8221;25px&#8221; text_orientation=&#8221;justified&#8221; hover_enabled=&#8221;0&#8243;]<\/p>\n<ul>\n<li><a href=\"https:\/\/www.goldforevents.com\/en\/event-agency-in-paris\/\">Event agency in Paris<\/a><\/li>\n<li><a href=\"https:\/\/www.goldforevents.com\/en\/event-concierge-services-in-paris\/\">Event Concierge<\/a><\/li>\n<li><a href=\"https:\/\/www.goldforevents.com\/en\/unusual-location-paris\/\">Unusual location Paris<\/a><\/li>\n<li><a href=\"https:\/\/www.goldforevents.com\/en\/organizer-of-corporate-events\/\">Organizer events business<\/a><\/li>\n<li><a href=\"https:\/\/www.goldforevents.com\/en\/hunter-of-unusual-places\/\">Unusual event organization<\/a><\/li>\n<li><a href=\"https:\/\/www.goldforevents.com\/en\/event-venues-paris\/\">Event venues in Paris<\/a><\/li>\n<li><a href=\"https:\/\/www.goldforevents.com\/en\/corporate-event-management\/\">Event management company in France<\/a><\/li>\n<li><a href=\"https:\/\/www.goldforevents.com\/en\/corporate-event-planning\/\">Corporate event agency<\/a><\/li>\n<li><a href=\"https:\/\/www.goldforevents.com\/en\/venue-finding-agency\/\">Venue finding agency<\/a><\/li>\n<\/ul>\n<p>[\/et_pb_text][\/et_pb_column][\/et_pb_row][et_pb_row use_custom_gutter=&#8221;on&#8221; gutter_width=&#8221;1&#8243; _builder_version=&#8221;4.4.4&#8243; width=&#8221;100%&#8221; custom_padding=&#8221;0px|||||&#8221; animation_style=&#8221;fade&#8221; locked=&#8221;off&#8221;][et_pb_column type=&#8221;4_4&#8243; _builder_version=&#8221;4.4.4&#8243;][et_pb_text module_id=&#8221;lieux-insolites&#8221; _builder_version=&#8221;4.5.2&#8243; text_text_color=&#8221;#000000&#8243; text_font_size=&#8221;18px&#8221; header_text_color=&#8221;#000000&#8243; header_2_font=&#8221;Roboto|700||on|||||&#8221; header_2_text_color=&#8221;#383838&#8243; header_2_font_size=&#8221;50px&#8221; text_orientation=&#8221;center&#8221; custom_margin=&#8221;50px||10px||false|false&#8221; custom_padding=&#8221;||||false|false&#8221;]<\/p>\n<h2>Our unusual places<\/h2>\n<p>[\/et_pb_text][et_pb_divider color=&#8221;#d6ae7e&#8221; divider_weight=&#8221;4px&#8221; _builder_version=&#8221;4.4.4&#8243; width=&#8221;15%&#8221; module_alignment=&#8221;center&#8221; custom_margin=&#8221;10px||10px||true|false&#8221; saved_tabs=&#8221;all&#8221;][\/et_pb_divider][et_pb_text admin_label=&#8221;places&#8221; _builder_version=&#8221;4.5.2&#8243; text_font=&#8221;Roboto|300|||||||&#8221; text_font_size=&#8221;20px&#8221; text_line_height=&#8221;1.5em&#8221; header_3_font=&#8221;|600||on|||||&#8221; header_3_font_size=&#8221;30px&#8221; header_4_font=&#8221;|||on|||||&#8221; header_4_font_size=&#8221;25px&#8221; text_orientation=&#8221;justified&#8221;]<\/p>\n<ul>\n<li><a href=\"https:\/\/www.goldforevents.com\/en\/portfolio\/laquarium\/\">L&#8217;Aquarium<\/a><\/li>\n<li><a href=\"https:\/\/www.goldforevents.com\/en\/portfolio\/assemblee\">L&#8217;Assembl\u00e9e<\/a><\/li>\n<li><a href=\"https:\/\/www.goldforevents.com\/en\/portfolio\/hotel-du-compte\">L&#8217;H\u00f4tel du Comte<\/a><\/li>\n<li><a href=\"https:\/\/www.goldforevents.com\/en\/portfolio\/lorangerie\/\">L&#8217;Orangerie<\/a><\/li>\n<li><a href=\"https:\/\/www.goldforevents.com\/en\/portfolio\/orient-express\/\">L&#8217;Orient Express<\/a><\/li>\n<li><a href=\"https:\/\/www.goldforevents.com\/en\/portfolio\/l-atelier\">L\u2019Atelier<\/a><\/li>\n<li><a href=\"https:\/\/www.goldforevents.com\/en\/portfolio\/lhotel-particulier\/\">L\u2019H\u00f4tel Particulier<\/a><\/li>\n<li><a href=\"https:\/\/www.goldforevents.com\/en\/portfolio\/lintenporel\">L\u2019Intemporel<\/a><\/li>\n<li><a href=\"https:\/\/www.goldforevents.com\/en\/portfolio\/lusine\/\">L\u2019Usine<\/a><\/li>\n<li><a href=\"https:\/\/www.goldforevents.com\/en\/portfolio\/la-bibliotheque-paris\">La Biblioth\u00e8que<\/a><\/li>\n<li><a href=\"https:\/\/www.goldforevents.com\/en\/portfolio\/la-cathedrale\/\">La Cath\u00e9drale<\/a><\/li>\n<li><a href=\"https:\/\/www.goldforevents.com\/en\/portfolio\/la-maison-2\">La Maison<\/a><\/li>\n<li><a href=\"https:\/\/www.goldforevents.com\/en\/portfolio\/la-nacelle\/\">La Nacelle<\/a><\/li>\n<li><a href=\"https:\/\/www.goldforevents.com\/en\/portfolio\/la-rotonde\/\">La Rotonde<\/a><\/li>\n<li><a href=\"https:\/\/www.goldforevents.com\/en\/portfolio\/salle-gaveau\">La Salle de Concert<\/a><\/li>\n<li><a href=\"https:\/\/www.gfe.doiteasly.com\/en\/portfolio\/location-privatisation-terrasse-50\/\">La Terrasse 50<\/a><\/li>\n<li><a href=\"https:\/\/www.goldforevents.com\/en\/portfolio\/terrasse-des-champs\/\">La Terrasse des Champs<\/a><\/li>\n<li><a href=\"https:\/\/www.goldforevents.com\/en\/portfolio\/terrasse-panoramique\/\">La Terrasse Panoramique<\/a><\/li>\n<li><a href=\"https:\/\/www.goldforevents.com\/en\/portfolio\/la-verriere\/\">La Verri\u00e8re<\/a><\/li>\n<li><a href=\"https:\/\/www.goldforevents.com\/en\/portfolio\/cabaret-paris\">Le Cabaret<\/a><\/li>\n<li><a href=\"https:\/\/www.goldforevents.com\/en\/portfolio\/cercle-prive\">Le Cercle Priv\u00e9<\/a><\/li>\n<li><a href=\"https:\/\/www.goldforevents.com\/en\/portfolio\/le-cirque\/\">Le Cirque<\/a><\/li>\n<li><a href=\"https:\/\/www.gfe.doiteasly.com\/en\/portfolio\/garage\/\">Le Garage<\/a><\/li>\n<li><a href=\"https:\/\/www.goldforevents.com\/en\/portfolio\/le-jadis\/\">Le Jadis<\/a><\/li>\n<li><a href=\"https:\/\/www.goldforevents.com\/en\/portfolio\/loft-1\">Le Loft<\/a><\/li>\n<li><a href=\"https:\/\/www.goldforevents.com\/en\/portfolio\/loft-dauphine\/\">Le Loft Dauphine<\/a><\/li>\n<li><a href=\"https:\/\/www.goldforevents.com\/en\/portfolio\/musee-dart\/\">Le Mus\u00e9e d&#8217;Art<\/a><\/li>\n<li><a href=\"https:\/\/www.goldforevents.com\/en\/portfolio\/le-palais\/\">Le Palais<\/a><\/li>\n<li><a href=\"https:\/\/www.goldforevents.com\/en\/portfolio\/le-panoramique\/\">Le Panoramique<\/a><\/li>\n<li><a href=\"https:\/\/www.goldforevents.com\/en\/portfolio\/le-pavillon\/\">Le Pavillon<\/a><\/li>\n<li><a href=\"https:\/\/www.goldforevents.com\/en\/portfolio\/rooftop-paris-8\/\">Le Rooftop<\/a><\/li>\n<li><a href=\"https:\/\/www.goldforevents.com\/en\/portfolio\/privatisation-studio-harcourt\">Le Studio Harcourt<\/a><\/li>\n<li><a href=\"https:\/\/www.goldforevents.com\/en\/portfolio\/le-triplex\/\">Le Triplex<\/a><\/li>\n<li><a href=\"https:\/\/www.goldforevents.com\/en\/portfolio\/le-yacht\/\">Le Yacht<\/a><\/li>\n<li><a href=\"https:\/\/www.goldforevents.com\/en\/portfolio\/les-carrieres\/\">Les Carri\u00e8res<\/a><\/li>\n<\/ul>\n<p>[\/et_pb_text][\/et_pb_column][\/et_pb_row][\/et_pb_section]<\/p>\n","protected":false},"excerpt":{"rendered":"<p>[et_pb_section fb_built=&#8221;1&#8243; next_background_color=&#8221;#ffffff&#8221; _builder_version=&#8221;4.4.4&#8243; background_color=&#8221;rgba(0,0,0,0.6)&#8221; background_image=&#8221;https:\/\/www.goldforevents.com\/wp-content\/uploads\/2020\/05\/agence-evenementielle-paris-contact.jpg&#8221; background_blend=&#8221;color-dodge&#8221; module_alignment=&#8221;center&#8221; min_height=&#8221;100vh&#8221; custom_margin=&#8221;||||false|false&#8221; custom_padding=&#8221;||||false|false&#8221; bottom_divider_style=&#8221;wave2&#8243; animation_style=&#8221;slide&#8221; animation_direction=&#8221;top&#8221; animation_intensity_slide=&#8221;2%&#8221; custom_css_main_element=&#8221;display:flex;&#8221;][et_pb_row custom_padding_last_edited=&#8221;off|desktop&#8221; _builder_version=&#8221;4.4.4&#8243; module_alignment=&#8221;center&#8221; custom_margin=&#8221;||||false|false&#8221; custom_padding=&#8221;||||false|false&#8221; custom_padding_tablet=&#8221;30%||||false|false&#8221; custom_padding_phone=&#8221;50%||||false|false&#8221; locked=&#8221;off&#8221;][et_pb_column type=&#8221;4_4&#8243; _builder_version=&#8221;4.4.4&#8243;][et_pb_text admin_label=&#8221;Texte titre&#8221; _builder_version=&#8221;4.5.2&#8243; _dynamic_attributes=&#8221;content&#8221; text_font=&#8221;Roboto|300|||||||&#8221; text_font_size=&#8221;20px&#8221; text_line_height=&#8221;1.5em&#8221; header_font=&#8221;|600|||||||&#8221; header_text_align=&#8221;center&#8221; header_text_color=&#8221;#ffffff&#8221; header_font_size=&#8221;50px&#8221; text_orientation=&#8221;center&#8221; background_layout=&#8221;dark&#8221; width=&#8221;75%&#8221; width_tablet=&#8221;&#8221; width_phone=&#8221;&#8221; width_last_edited=&#8221;on|phone&#8221; max_width=&#8221;90%&#8221; module_alignment=&#8221;center&#8221; custom_margin=&#8221;||||false|false&#8221; custom_padding=&#8221;||||false|false&#8221; text_font_size_tablet=&#8221;18px&#8221; text_font_size_phone=&#8221;17px&#8221; text_font_size_last_edited=&#8221;on|desktop&#8221; header_font_size_tablet=&#8221;40px&#8221; header_font_size_phone=&#8221;35px&#8221; header_font_size_last_edited=&#8221;on|phone&#8221;]@ET-DC@eyJkeW5hbWljIjp0cnVlLCJjb250ZW50IjoicG9zdF90aXRsZSIsInNldHRpbmdzIjp7ImJlZm9yZSI6IjxoMT4iLCJhZnRlciI6IjwvaDE+In19@[\/et_pb_text][et_pb_divider color=&#8221;#d6ae7e&#8221; divider_weight=&#8221;4px&#8221; [&hellip;]<\/p>\n","protected":false},"author":1,"featured_media":0,"parent":0,"menu_order":0,"comment_status":"closed","ping_status":"closed","template":"","meta":{"_et_pb_use_builder":"on","_et_pb_old_content":"","_et_gb_content_width":""},"categories":[],"tags":[],"dipi_cpt_category":[],"gabarit":[],"localisation":[],"acf":[],"yoast_head":"<!-- This site is optimized with the Yoast SEO plugin v20.10 - https:\/\/yoast.com\/wordpress\/plugins\/seo\/ -->\n<title>Sitemap<\/title>\n<meta name=\"description\" content=\"Find the site map of the event agency at Paris Gold for events as well as the activities and main places of the agency.\" \/>\n<meta name=\"robots\" content=\"index, follow, max-snippet:-1, max-image-preview:large, max-video-preview:-1\" \/>\n<link rel=\"canonical\" href=\"https:\/\/www.goldforevents.com\/en\/sitemap\/\" \/>\n<meta property=\"og:locale\" content=\"en_US\" \/>\n<meta property=\"og:type\" content=\"article\" \/>\n<meta property=\"og:title\" content=\"Sitemap\" \/>\n<meta property=\"og:description\" content=\"Find the site map of the event agency at Paris Gold for events as well as the activities and main places of the agency.\" \/>\n<meta property=\"og:url\" content=\"https:\/\/www.goldforevents.com\/en\/sitemap\/\" \/>\n<meta property=\"og:site_name\" content=\"Gold for events\" \/>\n<meta property=\"article:publisher\" content=\"https:\/\/www.facebook.com\/goldforevents\/\" \/>\n<meta property=\"article:modified_time\" content=\"2021-08-29T16:43:32+00:00\" \/>\n<meta name=\"twitter:card\" content=\"summary_large_image\" \/>\n<meta name=\"twitter:site\" content=\"@GoldforEvents\" \/>\n<meta name=\"twitter:label1\" content=\"Est. reading time\" \/>\n\t<meta name=\"twitter:data1\" content=\"4 minutes\" \/>\n<script type=\"application\/ld+json\" class=\"yoast-schema-graph\">{\"@context\":\"https:\/\/schema.org\",\"@graph\":[{\"@type\":\"WebPage\",\"@id\":\"https:\/\/www.goldforevents.com\/en\/sitemap\/\",\"url\":\"https:\/\/www.goldforevents.com\/en\/sitemap\/\",\"name\":\"Sitemap\",\"isPartOf\":{\"@id\":\"https:\/\/www.goldforevents.com\/en\/#website\"},\"datePublished\":\"2021-08-29T12:23:24+00:00\",\"dateModified\":\"2021-08-29T16:43:32+00:00\",\"description\":\"Find the site map of the event agency at Paris Gold for events as well as the activities and main places of the agency.\",\"breadcrumb\":{\"@id\":\"https:\/\/www.goldforevents.com\/en\/sitemap\/#breadcrumb\"},\"inLanguage\":\"en-US\",\"potentialAction\":[{\"@type\":\"ReadAction\",\"target\":[\"https:\/\/www.goldforevents.com\/en\/sitemap\/\"]}]},{\"@type\":\"BreadcrumbList\",\"@id\":\"https:\/\/www.goldforevents.com\/en\/sitemap\/#breadcrumb\",\"itemListElement\":[{\"@type\":\"ListItem\",\"position\":1,\"name\":\"Accueil\",\"item\":\"https:\/\/www.goldforevents.com\/en\/\"},{\"@type\":\"ListItem\",\"position\":2,\"name\":\"Sitemap\"}]},{\"@type\":\"WebSite\",\"@id\":\"https:\/\/www.goldforevents.com\/en\/#website\",\"url\":\"https:\/\/www.goldforevents.com\/en\/\",\"name\":\"Gold for events\",\"description\":\"Agence \u00e9v\u00e9nementielle insolite \u00e0 Paris\",\"publisher\":{\"@id\":\"https:\/\/www.goldforevents.com\/en\/#organization\"},\"potentialAction\":[{\"@type\":\"SearchAction\",\"target\":{\"@type\":\"EntryPoint\",\"urlTemplate\":\"https:\/\/www.goldforevents.com\/en\/?s={search_term_string}\"},\"query-input\":\"required name=search_term_string\"}],\"inLanguage\":\"en-US\"},{\"@type\":\"Organization\",\"@id\":\"https:\/\/www.goldforevents.com\/en\/#organization\",\"name\":\"Gold for events\",\"url\":\"https:\/\/www.goldforevents.com\/en\/\",\"logo\":{\"@type\":\"ImageObject\",\"inLanguage\":\"en-US\",\"@id\":\"https:\/\/www.goldforevents.com\/en\/#\/schema\/logo\/image\/\",\"url\":\"https:\/\/www.goldforevents.com\/wp-content\/uploads\/2020\/05\/gold-for-events-logo-dore-menu1.png\",\"contentUrl\":\"https:\/\/www.goldforevents.com\/wp-content\/uploads\/2020\/05\/gold-for-events-logo-dore-menu1.png\",\"width\":210,\"height\":93,\"caption\":\"Gold for events\"},\"image\":{\"@id\":\"https:\/\/www.goldforevents.com\/en\/#\/schema\/logo\/image\/\"},\"sameAs\":[\"https:\/\/www.facebook.com\/goldforevents\/\",\"https:\/\/twitter.com\/GoldforEvents\",\"https:\/\/www.linkedin.com\/company\/gold-for-events\/\"]}]}<\/script>\n<!-- \/ Yoast SEO plugin. -->","yoast_head_json":{"title":"Sitemap","description":"Find the site map of the event agency at Paris Gold for events as well as the activities and main places of the agency.","robots":{"index":"index","follow":"follow","max-snippet":"max-snippet:-1","max-image-preview":"max-image-preview:large","max-video-preview":"max-video-preview:-1"},"canonical":"https:\/\/www.goldforevents.com\/en\/sitemap\/","og_locale":"en_US","og_type":"article","og_title":"Sitemap","og_description":"Find the site map of the event agency at Paris Gold for events as well as the activities and main places of the agency.","og_url":"https:\/\/www.goldforevents.com\/en\/sitemap\/","og_site_name":"Gold for events","article_publisher":"https:\/\/www.facebook.com\/goldforevents\/","article_modified_time":"2021-08-29T16:43:32+00:00","twitter_card":"summary_large_image","twitter_site":"@GoldforEvents","twitter_misc":{"Est. reading time":"4 minutes"},"schema":{"@context":"https:\/\/schema.org","@graph":[{"@type":"WebPage","@id":"https:\/\/www.goldforevents.com\/en\/sitemap\/","url":"https:\/\/www.goldforevents.com\/en\/sitemap\/","name":"Sitemap","isPartOf":{"@id":"https:\/\/www.goldforevents.com\/en\/#website"},"datePublished":"2021-08-29T12:23:24+00:00","dateModified":"2021-08-29T16:43:32+00:00","description":"Find the site map of the event agency at Paris Gold for events as well as the activities and main places of the agency.","breadcrumb":{"@id":"https:\/\/www.goldforevents.com\/en\/sitemap\/#breadcrumb"},"inLanguage":"en-US","potentialAction":[{"@type":"ReadAction","target":["https:\/\/www.goldforevents.com\/en\/sitemap\/"]}]},{"@type":"BreadcrumbList","@id":"https:\/\/www.goldforevents.com\/en\/sitemap\/#breadcrumb","itemListElement":[{"@type":"ListItem","position":1,"name":"Accueil","item":"https:\/\/www.goldforevents.com\/en\/"},{"@type":"ListItem","position":2,"name":"Sitemap"}]},{"@type":"WebSite","@id":"https:\/\/www.goldforevents.com\/en\/#website","url":"https:\/\/www.goldforevents.com\/en\/","name":"Gold for events","description":"Agence \u00e9v\u00e9nementielle insolite \u00e0 Paris","publisher":{"@id":"https:\/\/www.goldforevents.com\/en\/#organization"},"potentialAction":[{"@type":"SearchAction","target":{"@type":"EntryPoint","urlTemplate":"https:\/\/www.goldforevents.com\/en\/?s={search_term_string}"},"query-input":"required name=search_term_string"}],"inLanguage":"en-US"},{"@type":"Organization","@id":"https:\/\/www.goldforevents.com\/en\/#organization","name":"Gold for events","url":"https:\/\/www.goldforevents.com\/en\/","logo":{"@type":"ImageObject","inLanguage":"en-US","@id":"https:\/\/www.goldforevents.com\/en\/#\/schema\/logo\/image\/","url":"https:\/\/www.goldforevents.com\/wp-content\/uploads\/2020\/05\/gold-for-events-logo-dore-menu1.png","contentUrl":"https:\/\/www.goldforevents.com\/wp-content\/uploads\/2020\/05\/gold-for-events-logo-dore-menu1.png","width":210,"height":93,"caption":"Gold for events"},"image":{"@id":"https:\/\/www.goldforevents.com\/en\/#\/schema\/logo\/image\/"},"sameAs":["https:\/\/www.facebook.com\/goldforevents\/","https:\/\/twitter.com\/GoldforEvents","https:\/\/www.linkedin.com\/company\/gold-for-events\/"]}]}},"_links":{"self":[{"href":"https:\/\/www.goldforevents.com\/en\/wp-json\/wp\/v2\/pages\/5647"}],"collection":[{"href":"https:\/\/www.goldforevents.com\/en\/wp-json\/wp\/v2\/pages"}],"about":[{"href":"https:\/\/www.goldforevents.com\/en\/wp-json\/wp\/v2\/types\/page"}],"author":[{"embeddable":true,"href":"https:\/\/www.goldforevents.com\/en\/wp-json\/wp\/v2\/users\/1"}],"replies":[{"embeddable":true,"href":"https:\/\/www.goldforevents.com\/en\/wp-json\/wp\/v2\/comments?post=5647"}],"version-history":[{"count":9,"href":"https:\/\/www.goldforevents.com\/en\/wp-json\/wp\/v2\/pages\/5647\/revisions"}],"predecessor-version":[{"id":5689,"href":"https:\/\/www.goldforevents.com\/en\/wp-json\/wp\/v2\/pages\/5647\/revisions\/5689"}],"wp:attachment":[{"href":"https:\/\/www.goldforevents.com\/en\/wp-json\/wp\/v2\/media?parent=5647"}],"wp:term":[{"taxonomy":"category","embeddable":true,"href":"https:\/\/www.goldforevents.com\/en\/wp-json\/wp\/v2\/categories?post=5647"},{"taxonomy":"post_tag","embeddable":true,"href":"https:\/\/www.goldforevents.com\/en\/wp-json\/wp\/v2\/tags?post=5647"},{"taxonomy":"dipi_cpt_category","embeddable":true,"href":"https:\/\/www.goldforevents.com\/en\/wp-json\/wp\/v2\/dipi_cpt_category?post=5647"},{"taxonomy":"gabarit","embeddable":true,"href":"https:\/\/www.goldforevents.com\/en\/wp-json\/wp\/v2\/gabarit?post=5647"},{"taxonomy":"localisation","embeddable":true,"href":"https:\/\/www.goldforevents.com\/en\/wp-json\/wp\/v2\/localisation?post=5647"}],"curies":[{"name":"wp","href":"https:\/\/api.w.org\/{rel}","templated":true}]}}